{"id":61,"date":"2014-10-23T18:42:08","date_gmt":"2014-10-23T18:42:08","guid":{"rendered":"http:\/\/demo.astoundify.com\/listify\/?page_id=61"},"modified":"2015-11-18T22:41:05","modified_gmt":"2015-11-19T01:41:05","slug":"how-it-works","status":"publish","type":"page","link":"http:\/\/www.lideresenturismo.cl\/tdc\/how-it-works\/","title":{"rendered":"Tipos de alojamientos"},"content":{"rendered":"<h3 class=\"ion-compose\">BED &amp; BREAKFAST &#8211; ALOJAMIENTO FAMILIAR<\/h3>\n<p style=\"text-align: justify;\"><img decoding=\"async\" class=\"alignright wp-image-694 size-full\" src=\"\/wp-content\/uploads\/grid\/bed-and-breakfast.jpg\" alt=\"feature_sessionPlayback\" width=\"400\" \/><br \/>\nEstablecimiento del tipo casa habitaci\u00f3n, en el cual sus residentes permanentes prestan los servicios de alojamiento tur\u00edstico y desayuno incluido en la tarifa en habitaciones privadas. El servicio de recepci\u00f3n es brindado por un integrante del grupo familiar. Las \u00e1reas comunes familiares son compartidas con los hu\u00e9spedes.<\/p>\n<p><a class=\"button\" href=\"\/anuncio-categoria\/bed-and-breakfast\/\">Explorar<\/a><\/p>\n<h3 class=\"ion-compose\">HOTEL<\/h3>\n<p style=\"text-align: justify;\"><img decoding=\"async\" class=\"alignleft wp-image-694 size-full\" src=\"\/wp-content\/uploads\/grid\/hoteles.jpg\" alt=\"feature_sessionPlayback\" width=\"400\" \/><br \/>\nEstablecimiento que provee alojamiento tur\u00edstico mayoritariamente en habitaciones, en un edificio o parte independiente del mismo, constituyendo sus dependencias un todo homog\u00e9neo. Disponen adem\u00e1s como m\u00ednimo del servicio de recepci\u00f3n durante las 24 h y el servicio de desayuno, estando o no incluido en la tarifa, servicio de mucamas, servicio de conserjer\u00eda y servicio de custodia de equipaje, sin perjuicio de proporcionar otros servicios complementarios.<\/p>\n<p><a class=\"button\" href=\"\/anuncio-categoria\/hoteles\/\">Explorar<\/a><\/p>\n<h3 class=\"ion-compose\">HOTEL BOUTIQUE<\/h3>\n<p style=\"text-align: justify;\"><img decoding=\"async\" class=\"alignright wp-image-694 size-full\" src=\"\/wp-content\/uploads\/grid\/hotel-boutique.jpg\" alt=\"feature_sessionPlayback\" width=\"400\" \/><br \/>\nEstablecimiento que ofrece el servicio de alojamiento tur\u00edstico en habitaciones y bajo un concepto definido, presente tanto en habitaciones, como lugares de uso com\u00fan e informado previamente a los clientes, entregando un servicio de atenci\u00f3n personalizada. Se encuentra emplazado en un edificio o parte independiente del mismo, constituyendo sus dependencias un todo homog\u00e9neo. Disponen, adem\u00e1s como m\u00ednimo del servicio de recepci\u00f3n en espa\u00f1ol y un segundo idioma, adem\u00e1s del servicio de desayuno incluido en su tarifa. Tiene definido e implementado un sistema de medici\u00f3n de satisfacci\u00f3n de clientes<\/p>\n<p><a class=\"button\" href=\"\/anuncio-categoria\/hotel-boutique\/\">Explorar<\/a><\/p>\n<h3 class=\"ion-compose\">HOSTAL<\/h3>\n<p style=\"text-align: justify;\"><img decoding=\"async\" class=\"alignleft wp-image-694 size-full\" src=\"\/wp-content\/uploads\/grid\/hostales.jpg\" alt=\"feature_sessionPlayback\" width=\"400\" \/><br \/>\nEstablecimiento en que se provee el servicio de alojamiento tur\u00edstico en habitaciones mayoritariamente privadas, cuyas caracter\u00edsticas constructivas dicen relaci\u00f3n con las de una casa habitaci\u00f3n, y que ofrece el servicio de desayuno de manera facultativa<\/p>\n<p><a class=\"button\" href=\"#\">Explorar<\/a><\/p>\n<h3 class=\"ion-compose\">HOSTEL &#8211; ALBERGUE<\/h3>\n<p style=\"text-align: justify;\"><img decoding=\"async\" class=\"alignright wp-image-694 size-full\" src=\"\/wp-content\/uploads\/2014\/10\/account.png\" alt=\"feature_sessionPlayback\" width=\"490\" \/><br \/>\nEstablecimiento cuya capacidad para prestar el servicio de alojamiento tur\u00edstico es en habitaciones comunes y\/o habitaciones privadas, al igual que sus ba\u00f1os, y que dispone adem\u00e1s, de un recinto com\u00fan de cocina para que los hu\u00e9spedes se preparen sus propios alimentos. Debe contar con el servicio de recepci\u00f3n y servicio de aseo del establecimiento. Adem\u00e1s, debe tener disponible informaci\u00f3n tur\u00edstica y publicaci\u00f3n de actividades de esparcimiento entre los hu\u00e9spedes.<\/p>\n<p><a class=\"button\" href=\"\/anuncio-categoria\/hostales\/\">Explorar<\/a><\/p>\n","protected":false},"excerpt":{"rendered":"<p>BED &amp; BREAKFAST &#8211; ALOJAMIENTO FAMILIAR Establecimiento del tipo casa habitaci\u00f3n, en el cual sus residentes permanentes prestan los servicios de alojamiento tur\u00edstico y desayuno incluido en la tarifa en habitaciones privadas. El servicio de recepci\u00f3n es brindado por un integrante del grupo familiar. Las \u00e1reas comunes familiares son compartidas con los hu\u00e9spedes. Explorar HOTEL&hellip;<\/p>\n","protected":false},"author":1,"featured_media":0,"parent":0,"menu_order":0,"comment_status":"closed","ping_status":"closed","template":"page-templates\/template-single-column.php","meta":[],"_links":{"self":[{"href":"http:\/\/www.lideresenturismo.cl\/tdc\/wp-json\/wp\/v2\/pages\/61"}],"collection":[{"href":"http:\/\/www.lideresenturismo.cl\/tdc\/wp-json\/wp\/v2\/pages"}],"about":[{"href":"http:\/\/www.lideresenturismo.cl\/tdc\/wp-json\/wp\/v2\/types\/page"}],"author":[{"embeddable":true,"href":"http:\/\/www.lideresenturismo.cl\/tdc\/wp-json\/wp\/v2\/users\/1"}],"replies":[{"embeddable":true,"href":"http:\/\/www.lideresenturismo.cl\/tdc\/wp-json\/wp\/v2\/comments?post=61"}],"version-history":[{"count":1,"href":"http:\/\/www.lideresenturismo.cl\/tdc\/wp-json\/wp\/v2\/pages\/61\/revisions"}],"predecessor-version":[{"id":2279,"href":"http:\/\/www.lideresenturismo.cl\/tdc\/wp-json\/wp\/v2\/pages\/61\/revisions\/2279"}],"wp:attachment":[{"href":"http:\/\/www.lideresenturismo.cl\/tdc\/wp-json\/wp\/v2\/media?parent=61"}],"curies":[{"name":"wp","href":"https:\/\/api.w.org\/{rel}","templated":true}]}}