{"id":2152,"date":"2015-08-31T11:27:38","date_gmt":"2015-08-31T14:27:38","guid":{"rendered":"\/?page_id=2152"},"modified":"2015-11-17T23:56:41","modified_gmt":"2015-11-18T02:56:41","slug":"quienes-somos","status":"publish","type":"page","link":"http:\/\/www.lideresenturismo.cl\/tdc\/quienes-somos\/","title":{"rendered":"Quienes somos"},"content":{"rendered":"<h3 class=\"ion-person-add\">Lideres en turismo<\/h3>\n<p><img decoding=\"async\" class=\"alignright wp-image-694 size-full\" src=\"\/wp-content\/uploads\/2015\/08\/logot.png\" alt=\"feature_sessionPlayback\" width=\"200\" \/><\/p>\n<p style=\"text-align: justify;\">L\u00edderes en turismo, nace en noviembre del a\u00f1o 2014 con el objetivo de mejorar los est\u00e1ndares del sector turismo y vincular a sus actores relevantes en torno a una red coordinada y de colaboraci\u00f3n, contribuyendo a mejorar la innovaci\u00f3n, competitividad y dinamismo de la industria.<\/p>\n<p style=\"text-align: justify;\">La plataforma surge como parte de las actividades del NODO Turismo de calidad, programa financiado por CORFO, iniciativa de la carrera de Ingenier\u00eda en Gesti\u00f3n Tur\u00edstica, de la Universidad Tecnol\u00f3gica Metropolitana. Con el fin de articular una red tur\u00edstica empresarial, basada en la calidad de la prestaci\u00f3n de los servicios de alojamiento preferentemente de las comunas de Santiago y Providencia, por medio de la implementaci\u00f3n de est\u00e1ndares empresariales basados en normativas nacionales tur\u00edsticas, y \u00e1mbitos de sustentabilidad, junto con la aplicaci\u00f3n de modelos colaborativos de trabajo y difusi\u00f3n.<\/p>\n","protected":false},"excerpt":{"rendered":"<p>Lideres en turismo L\u00edderes en turismo, nace en noviembre del a\u00f1o 2014 con el objetivo de mejorar los est\u00e1ndares del sector turismo y vincular a sus actores relevantes en torno a una red coordinada y de colaboraci\u00f3n, contribuyendo a mejorar la innovaci\u00f3n, competitividad y dinamismo de la industria. La plataforma surge como parte de las&hellip;<\/p>\n","protected":false},"author":1,"featured_media":2154,"parent":0,"menu_order":0,"comment_status":"closed","ping_status":"closed","template":"page-templates\/template-single-column.php","meta":[],"_links":{"self":[{"href":"http:\/\/www.lideresenturismo.cl\/tdc\/wp-json\/wp\/v2\/pages\/2152"}],"collection":[{"href":"http:\/\/www.lideresenturismo.cl\/tdc\/wp-json\/wp\/v2\/pages"}],"about":[{"href":"http:\/\/www.lideresenturismo.cl\/tdc\/wp-json\/wp\/v2\/types\/page"}],"author":[{"embeddable":true,"href":"http:\/\/www.lideresenturismo.cl\/tdc\/wp-json\/wp\/v2\/users\/1"}],"replies":[{"embeddable":true,"href":"http:\/\/www.lideresenturismo.cl\/tdc\/wp-json\/wp\/v2\/comments?post=2152"}],"version-history":[{"count":0,"href":"http:\/\/www.lideresenturismo.cl\/tdc\/wp-json\/wp\/v2\/pages\/2152\/revisions"}],"wp:featuredmedia":[{"embeddable":true,"href":"http:\/\/www.lideresenturismo.cl\/tdc\/wp-json\/wp\/v2\/media\/2154"}],"wp:attachment":[{"href":"http:\/\/www.lideresenturismo.cl\/tdc\/wp-json\/wp\/v2\/media?parent=2152"}],"curies":[{"name":"wp","href":"https:\/\/api.w.org\/{rel}","templated":true}]}}